{"id":5,"date":"2018-08-22T12:16:35","date_gmt":"2018-08-22T11:16:35","guid":{"rendered":"https:\/\/guncleanerworld.es\/?page_id=5"},"modified":"2024-01-02T11:15:56","modified_gmt":"2024-01-02T10:15:56","slug":"home","status":"publish","type":"page","link":"https:\/\/guncleanerworld.es\/de\/","title":{"rendered":"Home"},"content":{"rendered":"<p><\/p>\n<section class=\"content_center\">\n<h2>\n<img decoding=\"async\" loading=\"lazy\" class=\"e-responsive-image-vertical e-center-mobile alignright wp-image-539\" src=\"https:\/\/guncleanerworld.es\/wp-content\/uploads\/2024\/01\/producto-gun-cleaner-world-2024_v2.jpg\" alt=\"\" width=\"420\" height=\"808\" \/><\/h2>\n<h2 class=\"product__title\" style=\"text-align: center;\">Gun Cleaner World\u00a0<br \/>\nWarum Gun Cleaner World?<\/h2>\n<ul>\n<li>Wie oft m\u00fcssen wir unsere Waffen reinigen, und die Produkte, die sch\u00fctzen, reinigen nicht, und die, die reinigen, sind korrosiv f\u00fcr unsere Waffen und verwandeln etwas Schnelles und Einfaches in etwas Langsames und Schwieriges?<\/li>\n<li>Es ist eine Mischung aus Mineral\u00f6len und Silikonbasen, die den Film schmieren, sch\u00fctzen und wasserabweisend machen.<\/li>\n<li>Es enth\u00e4lt auch fl\u00fcchtige Verbindungen, die Schie\u00dfpulver, Rost, Kunststoffe und anhaftende Metalle entkalken und verd\u00fcnnen<\/li>\n<li>Es ist eine Mischung aus Mineral\u00f6len und Silikonbasen, die den Film schmieren, sch\u00fctzen und wasserabweisend machen.<\/li>\n<\/ul>\n<h3>Reinigung, Fett:<\/h3>\n<ul>\n<li>Es enth\u00e4lt auch fl\u00fcchtige Verbindungen, die Schie\u00dfpulver, Rost, Kunststoffe und anhaftende Metalle entkalken und verd\u00fcnnen.<\/li>\n<li>Blei- als auch Metallr\u00fcckst\u00e4nde.<\/li>\n<li>Ein Baumwolltuch wird \u00fcber glatte Oberfl\u00e4chen gef\u00fchrt und eine Metallb\u00fcrste plus die Baumwollb\u00fcrste in F\u00e4ssern und St\u00f6\u00dfen<\/li>\n<li>Auf dem Holzteil Silikonkautschukschaum ein Baumwolltuch passieren und im Holzhackbereich helfen wir uns mit einer Zahnb\u00fcrste im Hackbereich schnell und Einfache Schmierung<\/li>\n<li>Mit dem gleichen Produkt wird es aufgespr\u00fcht und erzeugt einen d\u00fcnnen Film, der alle beweglichen Bereiche mit hoher Leistung schmiert und die Waffe verschlei\u00dft<\/li>\n<\/ul>\n<span style=\"display:block;text-align:center\"><a class=\"e-btn\" href=\"https:\/\/guncleanerworld.es\/de\/configurador\/\">KAUFE JETZT<\/span><\/a>\n<div class=\"clear\">\u00a0<\/div>\n<section class=\"c-videos-home\">\n  <div class=\"container\">\n    <div class=\"c-videos-home__grid\">\n      <div class=\"item\">\n        <div class=\"embed-container 16by9\">\n          <iframe width=\"560\" height=\"315\" src=\"https:\/\/www.youtube.com\/embed\/iAUEh5rE-S0\" title=\"YouTube video player\" frameborder=\"0\" allow=\"accelerometer; autoplay; clipboard-write; encrypted-media; gyroscope; picture-in-picture\" allowfullscreen><\/iframe>\n        <\/div>\n      <\/div>\n      <div class=\"item\">\n        <div class=\"embed-container 16by9\">\n          <iframe width=\"560\" height=\"315\" src=\"https:\/\/www.youtube.com\/embed\/QNv8sgUAB6g\" title=\"YouTube video player\" frameborder=\"0\" allow=\"accelerometer; autoplay; clipboard-write; encrypted-media; gyroscope; picture-in-picture\" allowfullscreen><\/iframe>\n        <\/div>\n      <\/div>\n\n      <div class=\"item\">\n        <div class=\"embed-container 16by9\">\n          <iframe width=\"560\" height=\"315\" src=\"https:\/\/www.youtube.com\/embed\/LFIyHu7iZMg\" title=\"YouTube video player\" frameborder=\"0\" allow=\"accelerometer; autoplay; clipboard-write; encrypted-media; gyroscope; picture-in-picture\" allowfullscreen><\/iframe>\n        <\/div>\n      <\/div>\n     \n     \n    <\/div>\n  <\/div>\n<\/section>\n<div class=\"clear\">\u00a0<\/div>\n\n<style type=\"text\/css\">\n  button[type=\"submit\"]:disabled {\n    opacity: .5;\n    cursor: default !important;\n  }\n  .ohnohoney {\n    opacity: 0;\n    position: absolute;\n    top: 0;\n    left: 0;\n    height: 0;\n    width: 0;\n    z-index: -1;\n  }\n<\/style>\n\n\n\t<section class=\"form-contact\" id=\"sec-form\">\n\n\t\t\n\n\t\t<form  method=\"POST\">\n\t\t\t\n\t\t\t<fieldset>\n    \t\t\t\n    \t\t\t<legend><p class=\"text-align-center\">Interessiert? Treten Sie mit uns in Kontakt: <\/p><\/legend>\n\n\t\t\t\t<div class=\"form-contact__container\">\n\n\t\t\t\t\t<div class=\"grid-50\">\n\t\t\t\t\t\t<p>WOLLEN SIE UNS WAS MITTEILEN...<\/p>\n\t\t\t\t\t\t<label class=\"required\" for=\"inputelement\"><span>Name<\/span>\n\t\t\t\t\t\t\t<input type=\"text\" name=\"nombre\" placeholder=\"schreiben Sie Ihren Namen hier\" required>\n\t\t\t\t\t\t\t<p class=\"atten\">!<\/p>\n\t\t\t\t\t\t<\/label>\n\n\t\t\t\t\t\t<label class=\"required\"><span>Email\n<\/span>\n\t\t\t\t\t\t\t<input type=\"email\" name=\"email_secure\" placeholder=\"Ihre E-Mail\" required>\n\t\t\t\t\t\t\t<p class=\"atten\">!<\/p>\n\t\t\t\t\t\t<\/label>\n\n\t\t\t\t\t\t<label class=\"required\"><span>Telefon<\/span>\n\t\t\t\t\t\t\t<input type=\"text\" name=\"telefono\" placeholder=\"Ihre Telefonnummer\n\" required>\n\t\t\t\t\t\t\t<p class=\"atten\">!<\/p>\n\t\t\t\t\t\t<\/label>\n\t\t\t\t\t<\/div>\n\n\t\t\t\t\t<div class=\"grid-50\">\n\t\t\t\t\t\t<p>WOLLEN SIE UNS WAS MITTEILEN?<\/p>\n\t\t\t\t\t\t<label>\n\t\t\t\t\t\t\t<span>areatext<\/span>\n\t\t\t\t\t\t\t<textarea name=\"areatexto\"><\/textarea>\n\t\t\t\t\t\t<\/label>\n\n\t\t\t\t\t<\/div>\n\n\t\t\t\t\t<div class=\"grid-100 padding\">\n\t\t\t\t\t\t\n\t\t\t\t\t\t<p>* SAGEN SIE UNS WOHER SIE SCHREIBEN<\/p>\n\n\t\t\t\t\t\t<label><span>Stadt<\/span>\n\t\t\t\t\t\t\t<input type=\"text\" name=\"ciudad\" placeholder=\"geben Sie Ihre Stadt oder Dorf an\">\n\t\t\t\t\t\t<\/label>\n\n\t\t\t\t\t\t<label><span>Region<\/span>\n\t\t\t\t\t\t\t<input type=\"text\" name=\"provincia\" placeholder=\"und das Bundesland\">\n\t\t\t\t\t\t<\/label>\n\n\t\t\t\t\t\t<label class=\"required\"><span>Einwilligen<\/span>\n\n\t\t\t\t\t\t\t<input type=\"checkbox\" required name=\"acepto\">Ich stimme den <a href=\"https:\/\/guncleanerworld.es\/de\/aviso-legal\/\" target=\"_blank\">rechtlichen<\/a> und <a href=\"https:\/\/guncleanerworld.es\/de\/politica-privacidad\/\" target=\"_blank\">Datenschutzbestimmungen zu<\/a>\t\t\t\t\t\t\t<p class=\"atten\">!<\/p>\n\t\t\t\t\t\t<\/label>\n\n\n            <label class=\"ohnohoney\" for=\"email\"><\/label>\n            <input class=\"ohnohoney\" value=\"\" autocomplete=\"nope\" type=\"email\" id=\"email\" name=\"email\" placeholder=\"Your e-mail here\">\n\n\n\t\t\t\t\t\t<label class=\"send\"><span>Senden<\/span>\n\n\t\t\t\t\t\t\t<button disabled  type=\"submit\" id=\"submit\">Kontaktdaten zusenden<\/button>\n\t\t\t\t\t\t\n\t\t\t\t\t\t<\/label>\n\n\t\t\t\t\t<\/div>\n\n\n\n\t\t\t\t<\/div>\n\n\t\t\t<\/fieldset>\n\n\t\t<\/form>\n\n\n<\/section>\n<script>\n  var iTiemHab = 4000;\n  function habilitar() {\n    document.getElementById('submit').disabled = false;\n  }\n  setTimeout('habilitar()', iTiemHab);\n<\/script>\n<\/section>\n<p><\/p>","protected":false},"excerpt":{"rendered":"<p>Gun Cleaner World\u00a0 Warum Gun Cleaner World? Wie oft m\u00fcssen wir unsere Waffen reinigen, und die Produkte, die sch\u00fctzen, reinigen nicht, und die, die reinigen, sind korrosiv f\u00fcr unsere Waffen und verwandeln etwas Schnelles und Einfaches in etwas Langsames und Schwieriges? Es ist eine Mischung aus Mineral\u00f6len und Silikonbasen, die den Film schmieren, sch\u00fctzen und [&hellip;]<\/p>\n","protected":false},"author":1,"featured_media":0,"parent":0,"menu_order":1,"comment_status":"closed","ping_status":"closed","template":"","meta":{"_links_to":"","_links_to_target":""},"_links":{"self":[{"href":"https:\/\/guncleanerworld.es\/de\/wp-json\/wp\/v2\/pages\/5"}],"collection":[{"href":"https:\/\/guncleanerworld.es\/de\/wp-json\/wp\/v2\/pages"}],"about":[{"href":"https:\/\/guncleanerworld.es\/de\/wp-json\/wp\/v2\/types\/page"}],"author":[{"embeddable":true,"href":"https:\/\/guncleanerworld.es\/de\/wp-json\/wp\/v2\/users\/1"}],"replies":[{"embeddable":true,"href":"https:\/\/guncleanerworld.es\/de\/wp-json\/wp\/v2\/comments?post=5"}],"version-history":[{"count":43,"href":"https:\/\/guncleanerworld.es\/de\/wp-json\/wp\/v2\/pages\/5\/revisions"}],"predecessor-version":[{"id":985,"href":"https:\/\/guncleanerworld.es\/de\/wp-json\/wp\/v2\/pages\/5\/revisions\/985"}],"wp:attachment":[{"href":"https:\/\/guncleanerworld.es\/de\/wp-json\/wp\/v2\/media?parent=5"}],"curies":[{"name":"wp","href":"https:\/\/api.w.org\/{rel}","templated":true}]}}