{"id":5,"date":"2018-08-22T12:16:35","date_gmt":"2018-08-22T11:16:35","guid":{"rendered":"https:\/\/guncleanerworld.es\/?page_id=5"},"modified":"2024-01-02T11:15:56","modified_gmt":"2024-01-02T10:15:56","slug":"home","status":"publish","type":"page","link":"https:\/\/guncleanerworld.es\/es\/","title":{"rendered":"Home"},"content":{"rendered":"<p><\/p>\n<section class=\"content_center\">\n<h2>\n<img decoding=\"async\" loading=\"lazy\" class=\"e-responsive-image-vertical e-center-mobile alignright wp-image-539\" src=\"https:\/\/guncleanerworld.es\/wp-content\/uploads\/2024\/01\/producto-gun-cleaner-world-2024_v2.jpg\" alt=\"\" width=\"420\" height=\"808\" \/><\/h2>\n<h2 class=\"product__title\" style=\"text-align: center;\">Gun Cleaner World<br \/>\n<span class=\"span\">\u00bf Por qu\u00e9 Gun Cleaner World ?<\/span><\/h2>\n<ul>\n<li>\u00bf Cuantas veces nos disponemos a limpiar nuestras armas y los productos que protegen no limpian y los que limpian son corrosivos para nuestras armas, convirtiendo algo r\u00e1pido y sencillo en algo lento y dificultoso ?<\/li>\n<li>Sabemos que nuestras armas se ensucian con el uso , que la limpieza de ellas alarga su vida y su excelente funcionamiento<\/li>\n<li>El equipo de Gun Cleaner World &amp; Goodshoot nos pusimos a trabajar para crear un nuevo concepto de limpieza y cuidado de su arma<\/li>\n<li><strong>\u00bfComo funciona Gun Cleaner World?<\/strong><br \/>\nEs una mezcla de aceites minerales y bases de silicona que son los que lubrifican , protegen y hacen la pel\u00edcula repelente al agua , tambi\u00e9n incorpora compuestos vol\u00e1tiles que desincrustaran y diluyen p\u00f3lvora ,oxido , platicos y metales adheridos<\/li>\n<\/ul>\n<h3>Limpieza:<\/h3>\n<ul>\n<li>Solo con pulverizar la zona a limpiar , dejar actuar durante 15 minutos desincrusta tanto restos de p\u00f3lvora platicos grasas plomos y restos met\u00e1licos.<\/li>\n<li>Se pasa un pa\u00f1o de algod\u00f3n sobre superficies lisas y escobilla met\u00e1lica m\u00e1s la de algod\u00f3n en ca\u00f1ones y choques<\/li>\n<li>Sobre parte de madera goma silicona espuma pasar pa\u00f1o algod\u00f3n y en zona de picado de madera nos ayudaremos de un cepillo de dientes en la zona del picado<\/li>\n<li>R\u00e1pido y sencillo<\/li>\n<\/ul>\n<h3>Engrase:<\/h3>\n<ul>\n<li>Con el mismo producto se pulveriza y crea una peque\u00f1a pel\u00edcula que engrasa con alto rendimiento toda las zonas m\u00f3viles<\/li>\n<\/ul>\n<h3>Impermeable:<\/h3>\n<ul>\n<li>Con la misma pel\u00edcula pulverizada para el engrase al secado crea una pel\u00edcula repelente al agua y con ello a la oxidaci\u00f3n e deterioro del arma<\/li>\n<\/ul>\n<span style=\"display:block;text-align:center\"><a class=\"e-btn\" href=\"https:\/\/guncleanerworld.es\/es\/configurador\/\">COMPRAR AHORA<\/span><\/a>\n<div class=\"clear\">\u00a0<\/div>\n<section class=\"c-videos-home\">\n  <div class=\"container\">\n    <div class=\"c-videos-home__grid\">\n      <div class=\"item\">\n        <div class=\"embed-container 16by9\">\n          <iframe width=\"560\" height=\"315\" src=\"https:\/\/www.youtube.com\/embed\/iAUEh5rE-S0\" title=\"YouTube video player\" frameborder=\"0\" allow=\"accelerometer; autoplay; clipboard-write; encrypted-media; gyroscope; picture-in-picture\" allowfullscreen><\/iframe>\n        <\/div>\n      <\/div>\n      <div class=\"item\">\n        <div class=\"embed-container 16by9\">\n          <iframe width=\"560\" height=\"315\" src=\"https:\/\/www.youtube.com\/embed\/QNv8sgUAB6g\" title=\"YouTube video player\" frameborder=\"0\" allow=\"accelerometer; autoplay; clipboard-write; encrypted-media; gyroscope; picture-in-picture\" allowfullscreen><\/iframe>\n        <\/div>\n      <\/div>\n\n      <div class=\"item\">\n        <div class=\"embed-container 16by9\">\n          <iframe width=\"560\" height=\"315\" src=\"https:\/\/www.youtube.com\/embed\/LFIyHu7iZMg\" title=\"YouTube video player\" frameborder=\"0\" allow=\"accelerometer; autoplay; clipboard-write; encrypted-media; gyroscope; picture-in-picture\" allowfullscreen><\/iframe>\n        <\/div>\n      <\/div>\n     \n     \n    <\/div>\n  <\/div>\n<\/section>\n<div class=\"clear\">\u00a0<\/div>\n\n<style type=\"text\/css\">\n  button[type=\"submit\"]:disabled {\n    opacity: .5;\n    cursor: default !important;\n  }\n  .ohnohoney {\n    opacity: 0;\n    position: absolute;\n    top: 0;\n    left: 0;\n    height: 0;\n    width: 0;\n    z-index: -1;\n  }\n<\/style>\n\n\n\t<section class=\"form-contact\" id=\"sec-form\">\n\n\t\t\n\n\t\t<form  method=\"POST\">\n\t\t\t\n\t\t\t<fieldset>\n    \t\t\t\n    \t\t\t<legend><p class=\"text-align-center\">\u00bfInteresado? Ponte en contacto con nostros:<\/p><\/legend>\n\n\t\t\t\t<div class=\"form-contact__container\">\n\n\t\t\t\t\t<div class=\"grid-50\">\n\t\t\t\t\t\t<p>CU\u00c9NTANOS ALGO DE TI...<\/p>\n\t\t\t\t\t\t<label class=\"required\" for=\"inputelement\"><span>Nombre<\/span>\n\t\t\t\t\t\t\t<input type=\"text\" name=\"nombre\" placeholder=\"escribe aqu\u00ed tu nombre\" required>\n\t\t\t\t\t\t\t<p class=\"atten\">!<\/p>\n\t\t\t\t\t\t<\/label>\n\n\t\t\t\t\t\t<label class=\"required\"><span>Email<\/span>\n\t\t\t\t\t\t\t<input type=\"email\" name=\"email_secure\" placeholder=\"tu email\" required>\n\t\t\t\t\t\t\t<p class=\"atten\">!<\/p>\n\t\t\t\t\t\t<\/label>\n\n\t\t\t\t\t\t<label class=\"required\"><span>Tel\u00e9fono<\/span>\n\t\t\t\t\t\t\t<input type=\"text\" name=\"telefono\" placeholder=\"tu n\u00famero de tel\u00e9fono\" required>\n\t\t\t\t\t\t\t<p class=\"atten\">!<\/p>\n\t\t\t\t\t\t<\/label>\n\t\t\t\t\t<\/div>\n\n\t\t\t\t\t<div class=\"grid-50\">\n\t\t\t\t\t\t<p>\u00bfQUIERES CONTARNOS ALGO?<\/p>\n\t\t\t\t\t\t<label>\n\t\t\t\t\t\t\t<span>areatexto<\/span>\n\t\t\t\t\t\t\t<textarea name=\"areatexto\"><\/textarea>\n\t\t\t\t\t\t<\/label>\n\n\t\t\t\t\t<\/div>\n\n\t\t\t\t\t<div class=\"grid-100 padding\">\n\t\t\t\t\t\t\n\t\t\t\t\t\t<p>* Y A CONTINUACI\u00d3N DINOS DESDE D\u00d3NDE NOS ESCRIBES...<\/p>\n\n\t\t\t\t\t\t<label><span>Ciudad<\/span>\n\t\t\t\t\t\t\t<input type=\"text\" name=\"ciudad\" placeholder=\"escribe aqu\u00ed tu ciudad o pueblo\">\n\t\t\t\t\t\t<\/label>\n\n\t\t\t\t\t\t<label><span>Provincia<\/span>\n\t\t\t\t\t\t\t<input type=\"text\" name=\"provincia\" placeholder=\"y la provincia d\u00f3nde vives\">\n\t\t\t\t\t\t<\/label>\n\n\t\t\t\t\t\t<label class=\"required\"><span>Aceptar<\/span>\n\n\t\t\t\t\t\t\t<input type=\"checkbox\" required name=\"acepto\">He le\u00eddo y acepto el <a href=\"https:\/\/guncleanerworld.es\/es\/aviso-legal\/\" target=\"_blank\">aviso legal<\/a> y la <a href=\"https:\/\/guncleanerworld.es\/es\/politica-privacidad\/\" target=\"_blank\">pol\u00edtica de privacidad<\/a>\t\t\t\t\t\t\t<p class=\"atten\">!<\/p>\n\t\t\t\t\t\t<\/label>\n\n\n            <label class=\"ohnohoney\" for=\"email\"><\/label>\n            <input class=\"ohnohoney\" value=\"\" autocomplete=\"nope\" type=\"email\" id=\"email\" name=\"email\" placeholder=\"Your e-mail here\">\n\n\n\t\t\t\t\t\t<label class=\"send\"><span>Enviar<\/span>\n\n\t\t\t\t\t\t\t<button disabled  type=\"submit\" id=\"submit\">Enviar datos de contacto<\/button>\n\t\t\t\t\t\t\n\t\t\t\t\t\t<\/label>\n\n\t\t\t\t\t<\/div>\n\n\n\n\t\t\t\t<\/div>\n\n\t\t\t<\/fieldset>\n\n\t\t<\/form>\n\n\n<\/section>\n<script>\n  var iTiemHab = 4000;\n  function habilitar() {\n    document.getElementById('submit').disabled = false;\n  }\n  setTimeout('habilitar()', iTiemHab);\n<\/script>\n<\/section>\n<p><\/p>","protected":false},"excerpt":{"rendered":"<p>Gun Cleaner World \u00bf Por qu\u00e9 Gun Cleaner World ? \u00bf Cuantas veces nos disponemos a limpiar nuestras armas y los productos que protegen no limpian y los que limpian son corrosivos para nuestras armas, convirtiendo algo r\u00e1pido y sencillo en algo lento y dificultoso ? Sabemos que nuestras armas se ensucian con el uso [&hellip;]<\/p>\n","protected":false},"author":1,"featured_media":0,"parent":0,"menu_order":1,"comment_status":"closed","ping_status":"closed","template":"","meta":{"_links_to":"","_links_to_target":""},"_links":{"self":[{"href":"https:\/\/guncleanerworld.es\/es\/wp-json\/wp\/v2\/pages\/5"}],"collection":[{"href":"https:\/\/guncleanerworld.es\/es\/wp-json\/wp\/v2\/pages"}],"about":[{"href":"https:\/\/guncleanerworld.es\/es\/wp-json\/wp\/v2\/types\/page"}],"author":[{"embeddable":true,"href":"https:\/\/guncleanerworld.es\/es\/wp-json\/wp\/v2\/users\/1"}],"replies":[{"embeddable":true,"href":"https:\/\/guncleanerworld.es\/es\/wp-json\/wp\/v2\/comments?post=5"}],"version-history":[{"count":43,"href":"https:\/\/guncleanerworld.es\/es\/wp-json\/wp\/v2\/pages\/5\/revisions"}],"predecessor-version":[{"id":985,"href":"https:\/\/guncleanerworld.es\/es\/wp-json\/wp\/v2\/pages\/5\/revisions\/985"}],"wp:attachment":[{"href":"https:\/\/guncleanerworld.es\/es\/wp-json\/wp\/v2\/media?parent=5"}],"curies":[{"name":"wp","href":"https:\/\/api.w.org\/{rel}","templated":true}]}}