{"id":7,"date":"2018-08-22T12:16:49","date_gmt":"2018-08-22T11:16:49","guid":{"rendered":"https:\/\/guncleanerworld.es\/?page_id=7"},"modified":"2023-12-24T18:57:12","modified_gmt":"2023-12-24T17:57:12","slug":"productos","status":"publish","type":"page","link":"https:\/\/guncleanerworld.es\/es\/productos\/","title":{"rendered":"Productos"},"content":{"rendered":"<section id=\"productos\" class=\"content_center\"><p><\/p>\n<div id=\"gun-cleaner-world\" class=\"product\">\n<div class=\"e-responsive-image-vertical\"><img decoding=\"async\" loading=\"lazy\" class= wp-image-533\" src=\"https:\/\/guncleanerworld.es\/wp-content\/uploads\/2024\/01\/producto-gun-cleaner-world-2024_v2.jpg\" alt=\"\" width=\"420\" height=\"808\" \/><span style=\"display:block;text-align:center\"><a class=\"e-btn\" href=\"https:\/\/guncleanerworld.es\/es\/configurador\/\">COMPRAR AHORA<\/span><\/a><\/div>\n<h2 class=\"product__title\">Gun Cleaner World<br \/>\n<span class=\"span\">\u00bf Por qu\u00e9 Gun Cleaner World ?<\/span><\/h2>\n<ul>\n<li>\u00bf Cuantas veces nos disponemos a limpiar nuestras armas y los productos que protegen no limpian y los que limpian son corrosivos para nuestras armas, convirtiendo algo r\u00e1pido y sencillo en algo lento y dificultoso ?<\/li>\n<li>Sabemos que nuestras armas se ensucian con el uso , que la limpieza de ellas alarga su vida y su excelente funcionamiento<\/li>\n<li>El equipo de Gun Cleaner World &amp; Goodshoot nos pusimos a trabajar para crear un nuevo concepto de limpieza y cuidado de su arma<\/li>\n<li><strong>\u00bfComo funciona Gun Cleaner World?<\/strong><br \/>\nEs una mezcla de aceites minerales y bases de silicona que son los que lubrifican , protegen y hacen la pel\u00edcula repelente al agua , tambi\u00e9n incorpora compuestos vol\u00e1tiles que desincrustaran y diluyen p\u00f3lvora ,oxido , platicos y metales adheridos<\/li>\n<\/ul>\n<h3>Limpieza:<\/h3>\n<ul>\n<li>Solo con pulverizar la zona a limpiar , dejar actuar durante 15 minutos desincrusta tanto restos de p\u00f3lvora platicos grasas plomos y restos met\u00e1licos.<\/li>\n<li>Se pasa un pa\u00f1o de algod\u00f3n sobre superficies lisas y escobilla met\u00e1lica m\u00e1s la de algod\u00f3n en ca\u00f1ones y choques<\/li>\n<li>Sobre parte de madera goma silicona espuma pasar pa\u00f1o algod\u00f3n y en zona de picado de madera nos ayudaremos de un cepillo de dientes en la zona del picado<\/li>\n<li>R\u00e1pido y sencillo<\/li>\n<\/ul>\n<h3>Engrase:<\/h3>\n<ul>\n<li>Con el mismo producto se pulveriza y crea una peque\u00f1a pel\u00edcula que engrasa con alto rendimiento toda las zonas m\u00f3viles<\/li>\n<\/ul>\n<h3>Impermeable:<\/h3>\n<ul>\n<li>Con la misma pel\u00edcula pulverizada para el engrase al secado crea una pel\u00edcula repelente al agua y con ello a la oxidaci\u00f3n e deterioro del arma<\/li>\n<\/ul>\n<p>&nbsp;<\/p>\n<p><img decoding=\"async\" loading=\"lazy\" class=\"wp-image-524 alignnone\" src=\"https:\/\/guncleanerworld.es\/wp-content\/uploads\/2022\/10\/gun-cleaner-world-logo-picto.png\" alt=\"\" width=\"434\" height=\"443\" \/><\/p>\n<\/div>\n<p><\/p><\/p>\n<div style=\"border-top: 1px solid #efefef; display: block; width: 100%;\">\u00a0<\/div>\n<div class=\"clear\">\u00a0<\/div>\n<\/section>\n","protected":false},"excerpt":{"rendered":"<p>\u00a0 \u00a0<\/p>\n","protected":false},"author":1,"featured_media":0,"parent":0,"menu_order":2,"comment_status":"closed","ping_status":"closed","template":"","meta":{"_links_to":"","_links_to_target":""},"_links":{"self":[{"href":"https:\/\/guncleanerworld.es\/es\/wp-json\/wp\/v2\/pages\/7"}],"collection":[{"href":"https:\/\/guncleanerworld.es\/es\/wp-json\/wp\/v2\/pages"}],"about":[{"href":"https:\/\/guncleanerworld.es\/es\/wp-json\/wp\/v2\/types\/page"}],"author":[{"embeddable":true,"href":"https:\/\/guncleanerworld.es\/es\/wp-json\/wp\/v2\/users\/1"}],"replies":[{"embeddable":true,"href":"https:\/\/guncleanerworld.es\/es\/wp-json\/wp\/v2\/comments?post=7"}],"version-history":[{"count":78,"href":"https:\/\/guncleanerworld.es\/es\/wp-json\/wp\/v2\/pages\/7\/revisions"}],"predecessor-version":[{"id":976,"href":"https:\/\/guncleanerworld.es\/es\/wp-json\/wp\/v2\/pages\/7\/revisions\/976"}],"wp:attachment":[{"href":"https:\/\/guncleanerworld.es\/es\/wp-json\/wp\/v2\/media?parent=7"}],"curies":[{"name":"wp","href":"https:\/\/api.w.org\/{rel}","templated":true}]}}