{"id":5,"date":"2018-08-22T12:16:35","date_gmt":"2018-08-22T11:16:35","guid":{"rendered":"https:\/\/guncleanerworld.es\/?page_id=5"},"modified":"2024-01-02T11:15:56","modified_gmt":"2024-01-02T10:15:56","slug":"home","status":"publish","type":"page","link":"https:\/\/guncleanerworld.es\/fr\/","title":{"rendered":"Home"},"content":{"rendered":"<p><\/p>\n<section class=\"content_center\">\n<h2>\n<img decoding=\"async\" loading=\"lazy\" class=\"e-responsive-image-vertical e-center-mobile alignright wp-image-539\" src=\"https:\/\/guncleanerworld.es\/wp-content\/uploads\/2024\/01\/producto-gun-cleaner-world-2024_v2.jpg\" alt=\"\" width=\"420\" height=\"808\" \/><\/h2>\n<h2 class=\"product__title\" style=\"text-align: center;\">Gun Cleaner World\u00a0 <span style=\"font-size: .6em;\">(Le monde du nettoyage d\u2019armes \u00e0 feu.)<\/span><br \/>\nPourquoi Gun Cleaner World ?<\/h2>\n<ul>\n<li>Combien de fois devons-nous nettoyer nos armes avec des produits qui en r\u00e9alit\u00e9 ne sont pas performants ou alors beaucoup trop corrosifs, transformant donc une t\u00e2che simple et rapide en quelque chose de lent et difficile?<\/li>\n<li>Nous savons que nos armes se salissent \u00e0 l\u2019usage, que les nettoyer prolonge leur dur\u00e9e de vie ainsi que leurs excellentes perfomances.<\/li>\n<li>L\u2019\u00e9quipe Gun Cleaner World &amp; Good shoot s\u2019est mise au travail pour cr\u00e9er un nouveau concept de nettoyage et d\u2019entretien de votre arme.<\/li>\n<li><strong>Comment fonctionne Gun Cleaner World?<\/strong><br \/>\nC\u2019est un m\u00e9lange d\u2019huiles min\u00e9rales et de bases silicones qui lubrifient et prot\u00e8gent gr\u00e2ce \u00e0 la pose d\u2019un film hydrofuge.<br \/>\nIl int\u00e8gre \u00e9galement des compos\u00e9s volatils qui vont d\u00e9sincruster et \u00e9liminer la poudre, la rouille ainsi que les m\u00e9taux coll\u00e9s.<\/li>\n<\/ul>\n<h3>Nettoyage:<\/h3>\n<ul>\n<li>Pulv\u00e9riser la zone \u00e0 nettoyer en laissant agir 15 minutes afin de bien \u00e9liminer \u00e0 la fois les residus de poudre, la graisse, le plomb ainsi que tous les fines particules m\u00e9talliques.<\/li>\n<li>Utiliser un chiffon en coton sur les surfaces lisses, pour les canons et les chokes nettoyez avec une brosse m\u00e9tallique. Pour une meilleure finition, utilisez une brosse molletonn\u00e9e.<\/li>\n<li>Pour les parties en mousse, caoutchouc, silicone et bois, passer simplement un chiffon doux en coton. Pour les zones de grips en bois, aidez d\u2019une brosse classique.<\/li>\n<li>Utilisation facile et rapidit\u00e9 d\u2019application<\/li>\n<\/ul>\n<h3>Graissage:<\/h3>\n<ul>\n<li>En appliquant ce produit vous cr\u00e9ez un film qui graisse toutes les zones mobiles garantissant la sauvegarde de leurs hautes performances.<\/li>\n<\/ul>\n<h3>Traitement contre l\u2019humidit\u00e9:<\/h3>\n<ul>\n<li>L\u2019application du film lors du graissage va cr\u00e9er, lors de son s\u00e9chage, une hydofugation et donc prot\u00e9ger contre l\u2019oxydation et la d\u00e9t\u00e9rioration de votre arme.<\/li>\n<\/ul>\n<span style=\"display:block;text-align:center\"><a class=\"e-btn\" href=\"https:\/\/guncleanerworld.es\/fr\/configurador\/\">ACHETER MAINTENANT<\/span><\/a>\n<div class=\"clear\">\u00a0<\/div>\n<section class=\"c-videos-home\">\n  <div class=\"container\">\n    <div class=\"c-videos-home__grid\">\n      <div class=\"item\">\n        <div class=\"embed-container 16by9\">\n          <iframe width=\"560\" height=\"315\" src=\"https:\/\/www.youtube.com\/embed\/iAUEh5rE-S0\" title=\"YouTube video player\" frameborder=\"0\" allow=\"accelerometer; autoplay; clipboard-write; encrypted-media; gyroscope; picture-in-picture\" allowfullscreen><\/iframe>\n        <\/div>\n      <\/div>\n      <div class=\"item\">\n        <div class=\"embed-container 16by9\">\n          <iframe width=\"560\" height=\"315\" src=\"https:\/\/www.youtube.com\/embed\/QNv8sgUAB6g\" title=\"YouTube video player\" frameborder=\"0\" allow=\"accelerometer; autoplay; clipboard-write; encrypted-media; gyroscope; picture-in-picture\" allowfullscreen><\/iframe>\n        <\/div>\n      <\/div>\n\n      <div class=\"item\">\n        <div class=\"embed-container 16by9\">\n          <iframe width=\"560\" height=\"315\" src=\"https:\/\/www.youtube.com\/embed\/LFIyHu7iZMg\" title=\"YouTube video player\" frameborder=\"0\" allow=\"accelerometer; autoplay; clipboard-write; encrypted-media; gyroscope; picture-in-picture\" allowfullscreen><\/iframe>\n        <\/div>\n      <\/div>\n     \n     \n    <\/div>\n  <\/div>\n<\/section>\n<div class=\"clear\">\u00a0<\/div>\n\n<style type=\"text\/css\">\n  button[type=\"submit\"]:disabled {\n    opacity: .5;\n    cursor: default !important;\n  }\n  .ohnohoney {\n    opacity: 0;\n    position: absolute;\n    top: 0;\n    left: 0;\n    height: 0;\n    width: 0;\n    z-index: -1;\n  }\n<\/style>\n\n\n\t<section class=\"form-contact\" id=\"sec-form\">\n\n\t\t\n\n\t\t<form  method=\"POST\">\n\t\t\t\n\t\t\t<fieldset>\n    \t\t\t\n    \t\t\t<legend><p class=\"text-align-center\">Int\u00e9ress\u00e9? Contactez-nous:<\/p><\/legend>\n\n\t\t\t\t<div class=\"form-contact__container\">\n\n\t\t\t\t\t<div class=\"grid-50\">\n\t\t\t\t\t\t<p>PARLEZ-NOUS DE VOUS...<\/p>\n\t\t\t\t\t\t<label class=\"required\" for=\"inputelement\"><span>Nom<\/span>\n\t\t\t\t\t\t\t<input type=\"text\" name=\"nombre\" placeholder=\"\u00e9crivez ici votre nom\" required>\n\t\t\t\t\t\t\t<p class=\"atten\">!<\/p>\n\t\t\t\t\t\t<\/label>\n\n\t\t\t\t\t\t<label class=\"required\"><span>Email<\/span>\n\t\t\t\t\t\t\t<input type=\"email\" name=\"email_secure\" placeholder=\"Votre Email\" required>\n\t\t\t\t\t\t\t<p class=\"atten\">!<\/p>\n\t\t\t\t\t\t<\/label>\n\n\t\t\t\t\t\t<label class=\"required\"><span>T\u00e9l\u00e9phone<\/span>\n\t\t\t\t\t\t\t<input type=\"text\" name=\"telefono\" placeholder=\"Votre num\u00e9ro de t\u00e9l\u00e9phone\" required>\n\t\t\t\t\t\t\t<p class=\"atten\">!<\/p>\n\t\t\t\t\t\t<\/label>\n\t\t\t\t\t<\/div>\n\n\t\t\t\t\t<div class=\"grid-50\">\n\t\t\t\t\t\t<p>VOULEZ-VOUS DIRE QUELQUE CHOSE?<\/p>\n\t\t\t\t\t\t<label>\n\t\t\t\t\t\t\t<span>zonedetexte<\/span>\n\t\t\t\t\t\t\t<textarea name=\"areatexto\"><\/textarea>\n\t\t\t\t\t\t<\/label>\n\n\t\t\t\t\t<\/div>\n\n\t\t\t\t\t<div class=\"grid-100 padding\">\n\t\t\t\t\t\t\n\t\t\t\t\t\t<p>*  INDIQUEZ-NOUS D'O\u00d9 VOUS \u00c9CRIVEZ...<\/p>\n\n\t\t\t\t\t\t<label><span>Ville<\/span>\n\t\t\t\t\t\t\t<input type=\"text\" name=\"ciudad\" placeholder=\"\u00e9crivez ici votre ville\">\n\t\t\t\t\t\t<\/label>\n\n\t\t\t\t\t\t<label><span>Province<\/span>\n\t\t\t\t\t\t\t<input type=\"text\" name=\"provincia\" placeholder=\"et la province o\u00f9 vous habitez\">\n\t\t\t\t\t\t<\/label>\n\n\t\t\t\t\t\t<label class=\"required\"><span>Accepter<\/span>\n\n\t\t\t\t\t\t\t<input type=\"checkbox\" required name=\"acepto\">J'ai lu et j'accepte les <a href=\"https:\/\/guncleanerworld.es\/fr\/aviso-legal\/\" target=\"_blank\">mentions l\u00e9gales<\/a> et la <a href=\"https:\/\/guncleanerworld.es\/fr\/politica-privacidad\/\" target=\"_blank\">politique de confidentialit\u00e9<\/a>\t\t\t\t\t\t\t<p class=\"atten\">!<\/p>\n\t\t\t\t\t\t<\/label>\n\n\n            <label class=\"ohnohoney\" for=\"email\"><\/label>\n            <input class=\"ohnohoney\" value=\"\" autocomplete=\"nope\" type=\"email\" id=\"email\" name=\"email\" placeholder=\"Your e-mail here\">\n\n\n\t\t\t\t\t\t<label class=\"send\"><span>Envoyer<\/span>\n\n\t\t\t\t\t\t\t<button disabled  type=\"submit\" id=\"submit\">Envoyer des informations de contact<\/button>\n\t\t\t\t\t\t\n\t\t\t\t\t\t<\/label>\n\n\t\t\t\t\t<\/div>\n\n\n\n\t\t\t\t<\/div>\n\n\t\t\t<\/fieldset>\n\n\t\t<\/form>\n\n\n<\/section>\n<script>\n  var iTiemHab = 4000;\n  function habilitar() {\n    document.getElementById('submit').disabled = false;\n  }\n  setTimeout('habilitar()', iTiemHab);\n<\/script>\n<\/section>\n<p><\/p>","protected":false},"excerpt":{"rendered":"<p>Gun Cleaner World\u00a0 (Le monde du nettoyage d\u2019armes \u00e0 feu.) Pourquoi Gun Cleaner World ? Combien de fois devons-nous nettoyer nos armes avec des produits qui en r\u00e9alit\u00e9 ne sont pas performants ou alors beaucoup trop corrosifs, transformant donc une t\u00e2che simple et rapide en quelque chose de lent et difficile? Nous savons que nos [&hellip;]<\/p>\n","protected":false},"author":1,"featured_media":0,"parent":0,"menu_order":1,"comment_status":"closed","ping_status":"closed","template":"","meta":{"_links_to":"","_links_to_target":""},"_links":{"self":[{"href":"https:\/\/guncleanerworld.es\/fr\/wp-json\/wp\/v2\/pages\/5"}],"collection":[{"href":"https:\/\/guncleanerworld.es\/fr\/wp-json\/wp\/v2\/pages"}],"about":[{"href":"https:\/\/guncleanerworld.es\/fr\/wp-json\/wp\/v2\/types\/page"}],"author":[{"embeddable":true,"href":"https:\/\/guncleanerworld.es\/fr\/wp-json\/wp\/v2\/users\/1"}],"replies":[{"embeddable":true,"href":"https:\/\/guncleanerworld.es\/fr\/wp-json\/wp\/v2\/comments?post=5"}],"version-history":[{"count":43,"href":"https:\/\/guncleanerworld.es\/fr\/wp-json\/wp\/v2\/pages\/5\/revisions"}],"predecessor-version":[{"id":985,"href":"https:\/\/guncleanerworld.es\/fr\/wp-json\/wp\/v2\/pages\/5\/revisions\/985"}],"wp:attachment":[{"href":"https:\/\/guncleanerworld.es\/fr\/wp-json\/wp\/v2\/media?parent=5"}],"curies":[{"name":"wp","href":"https:\/\/api.w.org\/{rel}","templated":true}]}}